{"id":43,"date":"2024-09-09T21:17:46","date_gmt":"2024-09-09T19:17:46","guid":{"rendered":"https:\/\/shop.attraction.pensees-kamite.com\/?post_type=product&#038;p=43"},"modified":"2024-09-17T01:53:56","modified_gmt":"2024-09-16T23:53:56","slug":"large-cowrie-shell-necklace-pan-african-beaded-jewelry-black-brown-wooden-gift-red-black-green-afrocentric","status":"publish","type":"product","link":"https:\/\/shop.attraction.pensees-kamite.com\/index.php\/produit\/large-cowrie-shell-necklace-pan-african-beaded-jewelry-black-brown-wooden-gift-red-black-green-afrocentric\/","title":{"rendered":"Grand collier en coquillages cauris"},"content":{"rendered":"<p>Ce grand collier de cauris en bois et perles a un design panafricain. Vous avez le choix entre un collier de perles noires ou marron. Chaque mod\u00e8le est illustr\u00e9. Le collier mesure environ 28 pouces de long. Elle se ferme \u00e0 l&rsquo;aide d&rsquo;un fermoir. Il est perl\u00e9 de 8 \u00e0 11 mm. Le cauri mesure environ 7 cm de long et 5 cm de large. Si vous avez des questions, n&rsquo;h\u00e9sitez pas \u00e0 nous contacter \u00e0 tout moment.<\/p>\n","protected":false},"excerpt":{"rendered":"<p>Ce grand collier de cauris en bois et perles a un design panafricain. Vous avez le choix entre un collier de perles noires ou marron. Chaque mod\u00e8le est illustr\u00e9. Le collier mesure environ 28 pouces de long. Elle se ferme \u00e0 l&rsquo;aide d&rsquo;un fermoir. Il est perl\u00e9 de 8 \u00e0 11 mm. Le cauri mesure environ 7 cm de long et 5 cm de large. Si vous avez des questions, n&rsquo;h\u00e9sitez pas \u00e0 nous contacter \u00e0 tout moment.<\/p>\n","protected":false},"featured_media":44,"comment_status":"open","ping_status":"closed","template":"","meta":{"neve_meta_sidebar":"","neve_meta_container":"","neve_meta_enable_content_width":"off","neve_meta_content_width":100,"neve_meta_title_alignment":"","neve_meta_author_avatar":"","neve_post_elements_order":"","neve_meta_disable_header":"","neve_meta_disable_footer":"","neve_meta_disable_title":""},"product_cat":[19],"product_tag":[21,20,22],"class_list":{"0":"post-43","1":"product","2":"type-product","3":"status-publish","4":"has-post-thumbnail","6":"product_cat-collier","7":"product_tag-collier-africain","8":"product_tag-collier-de-perles-en-bois","9":"product_tag-manualidades","11":"first","12":"instock","13":"featured","14":"shipping-taxable","15":"purchasable","16":"product-type-simple","17":"add-to-wishlist-after_add_to_cart"},"_links":{"self":[{"href":"https:\/\/shop.attraction.pensees-kamite.com\/index.php\/wp-json\/wp\/v2\/product\/43","targetHints":{"allow":["GET"]}}],"collection":[{"href":"https:\/\/shop.attraction.pensees-kamite.com\/index.php\/wp-json\/wp\/v2\/product"}],"about":[{"href":"https:\/\/shop.attraction.pensees-kamite.com\/index.php\/wp-json\/wp\/v2\/types\/product"}],"replies":[{"embeddable":true,"href":"https:\/\/shop.attraction.pensees-kamite.com\/index.php\/wp-json\/wp\/v2\/comments?post=43"}],"wp:featuredmedia":[{"embeddable":true,"href":"https:\/\/shop.attraction.pensees-kamite.com\/index.php\/wp-json\/wp\/v2\/media\/44"}],"wp:attachment":[{"href":"https:\/\/shop.attraction.pensees-kamite.com\/index.php\/wp-json\/wp\/v2\/media?parent=43"}],"wp:term":[{"taxonomy":"product_cat","embeddable":true,"href":"https:\/\/shop.attraction.pensees-kamite.com\/index.php\/wp-json\/wp\/v2\/product_cat?post=43"},{"taxonomy":"product_tag","embeddable":true,"href":"https:\/\/shop.attraction.pensees-kamite.com\/index.php\/wp-json\/wp\/v2\/product_tag?post=43"}],"curies":[{"name":"wp","href":"https:\/\/api.w.org\/{rel}","templated":true}]}}