{"id":45,"date":"2024-09-09T21:32:31","date_gmt":"2024-09-09T19:32:31","guid":{"rendered":"https:\/\/shop.attraction.pensees-kamite.com\/?post_type=product&#038;p=45"},"modified":"2024-09-09T21:33:35","modified_gmt":"2024-09-09T19:33:35","slug":"collier-ras-de-cou-cordon-coquillage-cauri-colliers-bohemes-ras-de-cou-de-plage-cadeau-pour-adolescente-retour-a-lecole-tour-de-cou-surfeur-femme-bijoux-cadeaux-image-1-collier-ras-de-cou-cordo","status":"publish","type":"product","link":"https:\/\/shop.attraction.pensees-kamite.com\/index.php\/produit\/collier-ras-de-cou-cordon-coquillage-cauri-colliers-bohemes-ras-de-cou-de-plage-cadeau-pour-adolescente-retour-a-lecole-tour-de-cou-surfeur-femme-bijoux-cadeaux-image-1-collier-ras-de-cou-cordo\/","title":{"rendered":"Collier ras de cou cordon coquillage cauri"},"content":{"rendered":"<p>Ce collier ras du cou est compos\u00e9 d&rsquo;un cauri et d&rsquo;une perle en verre tch\u00e8que de couleur turquoise d\u00e9licatement enfil\u00e9es sur un cordon en coton cir\u00e9. Il est r\u00e9glable pour un port et un retrait sans effort. Avec son poids plume et sa nature imperm\u00e9able, vous pouvez profiter des vibrations de la plage, de la piscine ou de l&rsquo;\u00e9t\u00e9 tout au long de l&rsquo;ann\u00e9e.<\/p>\n","protected":false},"excerpt":{"rendered":"<p>Collier ras de cou cordon coquillage cauri, colliers boh\u00e8mes, ras de cou de plage, cadeau pour adolescente, retour \u00e0 l&rsquo;\u00e9cole, tour de cou surfeur femme bijoux cadeaux<\/p>\n","protected":false},"featured_media":51,"comment_status":"open","ping_status":"closed","template":"","meta":{"neve_meta_sidebar":"","neve_meta_container":"","neve_meta_enable_content_width":"off","neve_meta_content_width":100,"neve_meta_title_alignment":"","neve_meta_author_avatar":"","neve_post_elements_order":"","neve_meta_disable_header":"","neve_meta_disable_footer":"","neve_meta_disable_title":""},"product_cat":[19],"product_tag":[24,23,25],"class_list":{"0":"post-45","1":"product","2":"type-product","3":"status-publish","4":"has-post-thumbnail","6":"product_cat-collier","7":"product_tag-cadeau-dadolescent","8":"product_tag-collier-de-plage","9":"product_tag-tour-de-cou-cordon","11":"first","12":"instock","13":"shipping-taxable","14":"purchasable","15":"product-type-simple","16":"add-to-wishlist-after_add_to_cart"},"_links":{"self":[{"href":"https:\/\/shop.attraction.pensees-kamite.com\/index.php\/wp-json\/wp\/v2\/product\/45","targetHints":{"allow":["GET"]}}],"collection":[{"href":"https:\/\/shop.attraction.pensees-kamite.com\/index.php\/wp-json\/wp\/v2\/product"}],"about":[{"href":"https:\/\/shop.attraction.pensees-kamite.com\/index.php\/wp-json\/wp\/v2\/types\/product"}],"replies":[{"embeddable":true,"href":"https:\/\/shop.attraction.pensees-kamite.com\/index.php\/wp-json\/wp\/v2\/comments?post=45"}],"wp:featuredmedia":[{"embeddable":true,"href":"https:\/\/shop.attraction.pensees-kamite.com\/index.php\/wp-json\/wp\/v2\/media\/51"}],"wp:attachment":[{"href":"https:\/\/shop.attraction.pensees-kamite.com\/index.php\/wp-json\/wp\/v2\/media?parent=45"}],"wp:term":[{"taxonomy":"product_cat","embeddable":true,"href":"https:\/\/shop.attraction.pensees-kamite.com\/index.php\/wp-json\/wp\/v2\/product_cat?post=45"},{"taxonomy":"product_tag","embeddable":true,"href":"https:\/\/shop.attraction.pensees-kamite.com\/index.php\/wp-json\/wp\/v2\/product_tag?post=45"}],"curies":[{"name":"wp","href":"https:\/\/api.w.org\/{rel}","templated":true}]}}