{"id":55,"date":"2024-09-09T21:49:52","date_gmt":"2024-09-09T19:49:52","guid":{"rendered":"https:\/\/shop.attraction.pensees-kamite.com\/?post_type=product&#038;p=55"},"modified":"2024-09-13T16:41:02","modified_gmt":"2024-09-13T14:41:02","slug":"collier-ras-de-cou-bleu-en-forme-de-larme","status":"publish","type":"product","link":"https:\/\/shop.attraction.pensees-kamite.com\/index.php\/produit\/collier-ras-de-cou-bleu-en-forme-de-larme\/","title":{"rendered":"Collier ras de cou bleu en forme de larme"},"content":{"rendered":"<p>D\u00c9TAILS DU PRODUIT<br \/>\nRehaussez votre style avec notre collier ras du cou en forme de larme, compos\u00e9 d&rsquo;un charmant pendentif sur un cordon en coton cir\u00e9. R\u00e9glable sans effort, cet accessoire l\u00e9ger et imperm\u00e9able apportera une ambiance de plage en toute occasion. Choisissez parmi 10 couleurs de larme pour une touche personnalis\u00e9e et deux couleurs de cordon diff\u00e9rentes. Am\u00e9liorez votre collection avec cette pi\u00e8ce polyvalente, passant sans effort d&rsquo;un style d\u00e9contract\u00e9 \u00e0 un style chic.<\/p>\n<p>CARACT\u00c9RISTIQUES<br \/>\n\u25cf Larme de verre<br \/>\n\u25cf Ficelle en coton cir\u00e9<br \/>\n\u25cf Longueur : n\u0153ud coulissant r\u00e9glable &#8211; 13 \u00e0 25 pouces<br \/>\n\u25cf Fabriqu\u00e9 \u00e0 la main sur les plages de Floride, aux \u00c9tats-Unis<\/p>\n<p>EMBALLAGE<br \/>\nVotre collier sera livr\u00e9 dans une pochette \u00e0 l&rsquo;int\u00e9rieur d&rsquo;un sac en cellophane, avec un autocollant bien pens\u00e9 qui nous rappelle de prendre soin de nos oc\u00e9ans.<\/p>\n","protected":false},"excerpt":{"rendered":"<p class=\"wt-line-height-tight wt-break-word wt-text-body-01\" tabindex=\"0\" data-buy-box-listing-title=\"true\">Collier ras de cou bleu en forme de larme, tour de cou boh\u00e8me hippie, colliers pour femmes, tour de cou pendentif minimaliste, collier ind\u00e9pendant, tour de cou cordon r\u00e9glable<\/p>\n","protected":false},"featured_media":56,"comment_status":"open","ping_status":"closed","template":"","meta":{"neve_meta_sidebar":"","neve_meta_container":"","neve_meta_enable_content_width":"off","neve_meta_content_width":100,"neve_meta_title_alignment":"","neve_meta_author_avatar":"","neve_post_elements_order":"","neve_meta_disable_header":"","neve_meta_disable_footer":"","neve_meta_disable_title":""},"product_cat":[19],"product_tag":[26,24,21,27,25],"class_list":{"0":"post-55","1":"product","2":"type-product","3":"status-publish","4":"has-post-thumbnail","6":"product_cat-collier","7":"product_tag-bijou-minimaliste","8":"product_tag-cadeau-dadolescent","9":"product_tag-collier-africain","10":"product_tag-colliers-bohemes","11":"product_tag-tour-de-cou-cordon","13":"first","14":"instock","15":"featured","16":"shipping-taxable","17":"purchasable","18":"product-type-simple","19":"add-to-wishlist-after_add_to_cart"},"_links":{"self":[{"href":"https:\/\/shop.attraction.pensees-kamite.com\/index.php\/wp-json\/wp\/v2\/product\/55","targetHints":{"allow":["GET"]}}],"collection":[{"href":"https:\/\/shop.attraction.pensees-kamite.com\/index.php\/wp-json\/wp\/v2\/product"}],"about":[{"href":"https:\/\/shop.attraction.pensees-kamite.com\/index.php\/wp-json\/wp\/v2\/types\/product"}],"replies":[{"embeddable":true,"href":"https:\/\/shop.attraction.pensees-kamite.com\/index.php\/wp-json\/wp\/v2\/comments?post=55"}],"wp:featuredmedia":[{"embeddable":true,"href":"https:\/\/shop.attraction.pensees-kamite.com\/index.php\/wp-json\/wp\/v2\/media\/56"}],"wp:attachment":[{"href":"https:\/\/shop.attraction.pensees-kamite.com\/index.php\/wp-json\/wp\/v2\/media?parent=55"}],"wp:term":[{"taxonomy":"product_cat","embeddable":true,"href":"https:\/\/shop.attraction.pensees-kamite.com\/index.php\/wp-json\/wp\/v2\/product_cat?post=55"},{"taxonomy":"product_tag","embeddable":true,"href":"https:\/\/shop.attraction.pensees-kamite.com\/index.php\/wp-json\/wp\/v2\/product_tag?post=55"}],"curies":[{"name":"wp","href":"https:\/\/api.w.org\/{rel}","templated":true}]}}