{"id":59,"date":"2024-09-09T22:00:47","date_gmt":"2024-09-09T20:00:47","guid":{"rendered":"https:\/\/shop.attraction.pensees-kamite.com\/?post_type=product&#038;p=59"},"modified":"2024-09-09T22:00:47","modified_gmt":"2024-09-09T20:00:47","slug":"bague-prenom-minimaliste","status":"publish","type":"product","link":"https:\/\/shop.attraction.pensees-kamite.com\/index.php\/produit\/bague-prenom-minimaliste\/","title":{"rendered":"Bague pr\u00e9nom minimaliste"},"content":{"rendered":"<p>Bague pr\u00e9nom minimaliste, bague pr\u00e9nom personnalis\u00e9e pour maman, bague en argent, bague \u00e0 empiler, bague grav\u00e9e, cadeaux d&rsquo;anniversaire, cadeaux personnalis\u00e9s, cadeaux de f\u00eate des m\u00e8res<\/p>\n<p>D A I N T Y &#8211; N A M E &#8211; N E C K L A C E<\/p>\n<p>\u2022 Mat\u00e9riau : argent sterling 925 de haute qualit\u00e9<\/p>\n<p>\u2022 Finition : plaqu\u00e9 argent Plaqu\u00e9 or 18 carats \u2219 Plaqu\u00e9 or rose 18 carats<\/p>\n<p>H O W T O O R D E R<\/p>\n<p>\u2022 Choisissez la couleur et la taille<\/p>\n<p>\u2022 Paiement effectu\u00e9<\/p>\n<p>AUTRES I N F O R M A T I O N<\/p>\n<p>\u2022 Tous les bijoux sont livr\u00e9s dans une belle bo\u00eete \u00e0 bijoux, parfaite pour offrir.<\/p>\n<p>\u2022 Si vous avez des questions ou besoin de conseils sur votre conception, n&rsquo;h\u00e9sitez pas \u00e0 nous contacter. \ud83d\ude42<\/p>\n<p>T U R N A R O U N D T I M E<\/p>\n<p>\u2022 Tous les articles sont fabriqu\u00e9s sur commande. Notre d\u00e9lai d&rsquo;ex\u00e9cution est d&rsquo;environ 5 \u00e0 8 jours ouvrables. Ce d\u00e9lai peut augmenter pendant la haute saison.<\/p>\n<p>\u2022 Livraison gratuite dans le monde entier, le d\u00e9lai de livraison est de 8 \u00e0 15 jours. Pendant la haute saison, les d\u00e9lais de livraison peuvent \u00eatre de quelques jours plus longs que d&rsquo;habitude.<\/p>\n<p>\u2022 Commande urgente : veuillez nous contacter pour voir si nous pouvons respecter votre d\u00e9lai.<\/p>\n<p>N O U R S E R V I C E<\/p>\n<p>\u2022 \u00c9tant donn\u00e9 que nos produits sont des bijoux personnalis\u00e9s, s&rsquo;il n&rsquo;y a pas de probl\u00e8me de qualit\u00e9, nous n&rsquo;acceptons pas les retours et les remplacements pour tous les bijoux personnalis\u00e9s. Nous esp\u00e9rons avoir votre compr\u00e9hension. Veuillez vous assurer que la couleur, la taille et le contenu \u00e0 personnaliser sont corrects lorsque vous passez une commande.<\/p>\n<p>\u2022 Nous acceptons les retours et les \u00e9changes en cas de probl\u00e8me de qualit\u00e9, n&rsquo;h\u00e9sitez pas \u00e0 nous contacter si vous avez des probl\u00e8mes avec le collier personnalis\u00e9. et nous vous r\u00e9pondrons dans les 24 heures pour nous assurer que vous profitiez de la merveilleuse exp\u00e9rience de magasinage. votre satisfaction est tout ce que nous recherchons.<\/p>\n","protected":false},"excerpt":{"rendered":"<p class=\"wt-line-height-tight wt-break-word wt-text-body-01\" tabindex=\"0\" data-buy-box-listing-title=\"true\">Bague pr\u00e9nom minimaliste, bague pr\u00e9nom personnalis\u00e9e pour maman, bague en argent, bague \u00e0 empiler, bague grav\u00e9e, cadeaux d&rsquo;anniversaire, cadeau personnalis\u00e9, meilleur cadeau pour elle.<\/p>\n","protected":false},"featured_media":60,"comment_status":"open","ping_status":"closed","template":"","meta":{"neve_meta_sidebar":"","neve_meta_container":"","neve_meta_enable_content_width":"off","neve_meta_content_width":100,"neve_meta_title_alignment":"","neve_meta_author_avatar":"","neve_post_elements_order":"","neve_meta_disable_header":"","neve_meta_disable_footer":"","neve_meta_disable_title":""},"product_cat":[28],"product_tag":[30,29,31],"class_list":{"0":"post-59","1":"product","2":"type-product","3":"status-publish","4":"has-post-thumbnail","6":"product_cat-bague","7":"product_tag-bague-prenom-grave","8":"product_tag-bague-tendance","9":"product_tag-bijoux-de-maman","11":"first","12":"instock","13":"shipping-taxable","14":"purchasable","15":"product-type-simple","16":"add-to-wishlist-after_add_to_cart"},"_links":{"self":[{"href":"https:\/\/shop.attraction.pensees-kamite.com\/index.php\/wp-json\/wp\/v2\/product\/59","targetHints":{"allow":["GET"]}}],"collection":[{"href":"https:\/\/shop.attraction.pensees-kamite.com\/index.php\/wp-json\/wp\/v2\/product"}],"about":[{"href":"https:\/\/shop.attraction.pensees-kamite.com\/index.php\/wp-json\/wp\/v2\/types\/product"}],"replies":[{"embeddable":true,"href":"https:\/\/shop.attraction.pensees-kamite.com\/index.php\/wp-json\/wp\/v2\/comments?post=59"}],"wp:featuredmedia":[{"embeddable":true,"href":"https:\/\/shop.attraction.pensees-kamite.com\/index.php\/wp-json\/wp\/v2\/media\/60"}],"wp:attachment":[{"href":"https:\/\/shop.attraction.pensees-kamite.com\/index.php\/wp-json\/wp\/v2\/media?parent=59"}],"wp:term":[{"taxonomy":"product_cat","embeddable":true,"href":"https:\/\/shop.attraction.pensees-kamite.com\/index.php\/wp-json\/wp\/v2\/product_cat?post=59"},{"taxonomy":"product_tag","embeddable":true,"href":"https:\/\/shop.attraction.pensees-kamite.com\/index.php\/wp-json\/wp\/v2\/product_tag?post=59"}],"curies":[{"name":"wp","href":"https:\/\/api.w.org\/{rel}","templated":true}]}}