{"id":64,"date":"2024-09-09T22:12:47","date_gmt":"2024-09-09T20:12:47","guid":{"rendered":"https:\/\/shop.attraction.pensees-kamite.com\/?post_type=product&#038;p=64"},"modified":"2024-09-09T22:13:44","modified_gmt":"2024-09-09T20:13:44","slug":"creoles-peul","status":"publish","type":"product","link":"https:\/\/shop.attraction.pensees-kamite.com\/index.php\/produit\/creoles-peul\/","title":{"rendered":"Cr\u00e9oles peul"},"content":{"rendered":"<p>Tous les articles sont fabriqu\u00e9s \u00e0 la main avec de la p\u00e2te polym\u00e8re et peuvent pr\u00e9senter de l\u00e9g\u00e8res variations esth\u00e9tiques en raison de leur caract\u00e8re unique.<br \/>\n\u00c0 manipuler avec soin, conservez-les dans leur bo\u00eete lorsque vous voyagez pour assurer leur protection.<br \/>\nNe pliez pas et ne laissez rien de lourd reposer sur la boucle d&rsquo;oreille.<br \/>\nNe placez pas les boucles d&rsquo;oreilles dans un sac sans les emballer soigneusement dans leur bo\u00eete.<\/p>\n<p>Conditions de retour<br \/>\nClay and Stone Handmade n&rsquo;accepte pas les retours ou les \u00e9changes sur les boucles d&rsquo;oreilles. Cependant, si l&rsquo;un d&rsquo;eux se brise en raison d&rsquo;un d\u00e9faut de conception, nous vous enverrons un produit de remplacement dans les deux semaines suivant votre achat.<br \/>\ndate.<\/p>\n<p>Veuillez suivre les informations d&rsquo;entretien des boucles d&rsquo;oreilles pour obtenir des instructions sur la fa\u00e7on d&rsquo;entretenir vos boucles d&rsquo;oreilles afin de limiter les ruptures.<\/p>\n","protected":false},"excerpt":{"rendered":"<p>Tous les articles sont fabriqu\u00e9s \u00e0 la main avec de la p\u00e2te polym\u00e8re et peuvent pr\u00e9senter de l\u00e9g\u00e8res variations esth\u00e9tiques en raison de leur caract\u00e8re unique.<br \/>\n\u00c0 manipuler avec soin, conservez-les dans leur bo\u00eete lorsque vous voyagez pour assurer leur protection.<br \/>\nNe pliez pas et ne laissez rien de lourd reposer sur la boucle d&rsquo;oreille.<br \/>\nNe placez pas les boucles d&rsquo;oreilles dans un sac sans les emballer soigneusement dans leur bo\u00eete.<\/p>\n","protected":false},"featured_media":65,"comment_status":"open","ping_status":"closed","template":"","meta":{"neve_meta_sidebar":"","neve_meta_container":"","neve_meta_enable_content_width":"off","neve_meta_content_width":100,"neve_meta_title_alignment":"","neve_meta_author_avatar":"","neve_post_elements_order":"","neve_meta_disable_header":"","neve_meta_disable_footer":"","neve_meta_disable_title":""},"product_cat":[33,32],"product_tag":[34,36,24,35],"class_list":{"0":"post-64","1":"product","2":"type-product","3":"status-publish","4":"has-post-thumbnail","6":"product_cat-bijoux","7":"product_cat-boucles-doreilles","8":"product_tag-boucles-doreilles","9":"product_tag-cadeau","10":"product_tag-cadeau-dadolescent","11":"product_tag-cadeau-danniversaire","13":"first","14":"instock","15":"shipping-taxable","16":"purchasable","17":"product-type-simple","18":"add-to-wishlist-after_add_to_cart"},"_links":{"self":[{"href":"https:\/\/shop.attraction.pensees-kamite.com\/index.php\/wp-json\/wp\/v2\/product\/64","targetHints":{"allow":["GET"]}}],"collection":[{"href":"https:\/\/shop.attraction.pensees-kamite.com\/index.php\/wp-json\/wp\/v2\/product"}],"about":[{"href":"https:\/\/shop.attraction.pensees-kamite.com\/index.php\/wp-json\/wp\/v2\/types\/product"}],"replies":[{"embeddable":true,"href":"https:\/\/shop.attraction.pensees-kamite.com\/index.php\/wp-json\/wp\/v2\/comments?post=64"}],"wp:featuredmedia":[{"embeddable":true,"href":"https:\/\/shop.attraction.pensees-kamite.com\/index.php\/wp-json\/wp\/v2\/media\/65"}],"wp:attachment":[{"href":"https:\/\/shop.attraction.pensees-kamite.com\/index.php\/wp-json\/wp\/v2\/media?parent=64"}],"wp:term":[{"taxonomy":"product_cat","embeddable":true,"href":"https:\/\/shop.attraction.pensees-kamite.com\/index.php\/wp-json\/wp\/v2\/product_cat?post=64"},{"taxonomy":"product_tag","embeddable":true,"href":"https:\/\/shop.attraction.pensees-kamite.com\/index.php\/wp-json\/wp\/v2\/product_tag?post=64"}],"curies":[{"name":"wp","href":"https:\/\/api.w.org\/{rel}","templated":true}]}}