{"id":66,"date":"2024-09-09T22:42:48","date_gmt":"2024-09-09T20:42:48","guid":{"rendered":"https:\/\/shop.attraction.pensees-kamite.com\/?post_type=product&#038;p=66"},"modified":"2024-09-13T16:38:00","modified_gmt":"2024-09-13T14:38:00","slug":"boucles-doreilles-creoles-fleurs","status":"publish","type":"product","link":"https:\/\/shop.attraction.pensees-kamite.com\/index.php\/produit\/boucles-doreilles-creoles-fleurs\/","title":{"rendered":"Boucles d\u2019oreilles cr\u00e9oles fleurs"},"content":{"rendered":"<p>Boucles d\u2019oreilles tendance, tr\u00e8s l\u00e9g\u00e8res, compos\u00e9es de cr\u00e9oles larges dor\u00e9es et de fleurs de r\u00e9sine bleu canard et l\u00e9g\u00e8rement translucides<\/p>\n<p>La longueur des boucles est de 3.8 cm pour 2.5 cm de large.<\/p>\n","protected":false},"excerpt":{"rendered":"<p class=\"wt-line-height-tight wt-break-word wt-text-body-01\" tabindex=\"0\" data-buy-box-listing-title=\"true\">Boucles d\u2019oreilles cr\u00e9oles fleurs, boucles d&rsquo;oreilles fleurs, cr\u00e9oles fleurs, cr\u00e9oles larges<\/p>\n","protected":false},"featured_media":67,"comment_status":"open","ping_status":"closed","template":"","meta":{"neve_meta_sidebar":"","neve_meta_container":"","neve_meta_enable_content_width":"off","neve_meta_content_width":100,"neve_meta_title_alignment":"","neve_meta_author_avatar":"","neve_post_elements_order":"","neve_meta_disable_header":"","neve_meta_disable_footer":"","neve_meta_disable_title":""},"product_cat":[33,32],"product_tag":[26,31,34,24,35],"class_list":{"0":"post-66","1":"product","2":"type-product","3":"status-publish","4":"has-post-thumbnail","6":"product_cat-bijoux","7":"product_cat-boucles-doreilles","8":"product_tag-bijou-minimaliste","9":"product_tag-bijoux-de-maman","10":"product_tag-boucles-doreilles","11":"product_tag-cadeau-dadolescent","12":"product_tag-cadeau-danniversaire","14":"first","15":"instock","16":"featured","17":"shipping-taxable","18":"purchasable","19":"product-type-simple","20":"add-to-wishlist-after_add_to_cart"},"_links":{"self":[{"href":"https:\/\/shop.attraction.pensees-kamite.com\/index.php\/wp-json\/wp\/v2\/product\/66","targetHints":{"allow":["GET"]}}],"collection":[{"href":"https:\/\/shop.attraction.pensees-kamite.com\/index.php\/wp-json\/wp\/v2\/product"}],"about":[{"href":"https:\/\/shop.attraction.pensees-kamite.com\/index.php\/wp-json\/wp\/v2\/types\/product"}],"replies":[{"embeddable":true,"href":"https:\/\/shop.attraction.pensees-kamite.com\/index.php\/wp-json\/wp\/v2\/comments?post=66"}],"wp:featuredmedia":[{"embeddable":true,"href":"https:\/\/shop.attraction.pensees-kamite.com\/index.php\/wp-json\/wp\/v2\/media\/67"}],"wp:attachment":[{"href":"https:\/\/shop.attraction.pensees-kamite.com\/index.php\/wp-json\/wp\/v2\/media?parent=66"}],"wp:term":[{"taxonomy":"product_cat","embeddable":true,"href":"https:\/\/shop.attraction.pensees-kamite.com\/index.php\/wp-json\/wp\/v2\/product_cat?post=66"},{"taxonomy":"product_tag","embeddable":true,"href":"https:\/\/shop.attraction.pensees-kamite.com\/index.php\/wp-json\/wp\/v2\/product_tag?post=66"}],"curies":[{"name":"wp","href":"https:\/\/api.w.org\/{rel}","templated":true}]}}