{"id":70,"date":"2024-09-09T22:51:06","date_gmt":"2024-09-09T20:51:06","guid":{"rendered":"https:\/\/shop.attraction.pensees-kamite.com\/?post_type=product&#038;p=70"},"modified":"2024-09-19T00:06:58","modified_gmt":"2024-09-18T22:06:58","slug":"boucles-doreilles-en-bois-inspirees-dhenri-matisse","status":"publish","type":"product","link":"https:\/\/shop.attraction.pensees-kamite.com\/index.php\/produit\/boucles-doreilles-en-bois-inspirees-dhenri-matisse\/","title":{"rendered":"Boucles d&rsquo;oreilles en bois inspir\u00e9es d&rsquo;Henri Matisse"},"content":{"rendered":"<p>Illuminez n&rsquo;importe quelle tenue avec ces belles boucles d&rsquo;oreilles inspir\u00e9es d&rsquo;Henri Matisse !<br \/>\nFabriqu\u00e9es \u00e0 la main avec des perles en bois, elles pr\u00e9sentent une combinaison de couleurs bleu et rose qui ajoutera une touche artistique et \u00e9l\u00e9gante \u00e0 votre ensemble.<br \/>\nParfaites pour toutes sortes d&rsquo;occasions et \u00e0 porter au quotidien, ces boucles d&rsquo;oreilles accrocheuses deviendront votre accessoire incontournable !<br \/>\nL\u00e9gers et confortables, ils pr\u00e9sentent une conception en forme de goutte pour compl\u00e9ter votre look avec de beaux d\u00e9tails inspir\u00e9s de l&rsquo;art.<\/p>\n<p>Les tiges des boucles d&rsquo;oreilles sont hypoallerg\u00e9niques et ne contiennent ni nickel ni plomb.<\/p>\n<p>\u2022 Article fait main<\/p>\n<p>\u2022 Mat\u00e9riaux : bois<\/p>\n<p>\u2022 boucles d&rsquo;oreilles hypoallerg\u00e9niques<\/p>\n<p>\u2022 Boucles d&rsquo;oreilles l\u00e9g\u00e8res<\/p>\n<p>\u2022 Un cadeau id\u00e9al pour les femmes<\/p>\n<p>\u2022 D\u00e9coupe au laser<\/p>\n<p>\u2022 Peint \u00e0 la main<\/p>\n<p>\u2022 Un coffret cadeau est inclus dans toutes les commandes<\/p>\n<p>Tous nos mod\u00e8les en bois sont dessin\u00e9s \u00e0 la main ou con\u00e7us num\u00e9riquement par nos soins pour vous offrir un produit unique en son genre.<br \/>\nNous utilisons une d\u00e9coupe laser professionnelle pour tous nos produits et mod\u00e8les en bois.<\/p>\n","protected":false},"excerpt":{"rendered":"<p class=\"wt-line-height-tight wt-break-word wt-text-body-01\" tabindex=\"0\" data-buy-box-listing-title=\"true\">Boucles d&rsquo;oreilles en bois inspir\u00e9es d&rsquo;Henri Matisse, boucles d&rsquo;oreilles bleues et roses, bijoux d&rsquo;inspiration artistique, respectueux de l&rsquo;environnement<\/p>\n","protected":false},"featured_media":71,"comment_status":"open","ping_status":"closed","template":"","meta":{"neve_meta_sidebar":"","neve_meta_container":"","neve_meta_enable_content_width":"off","neve_meta_content_width":100,"neve_meta_title_alignment":"","neve_meta_author_avatar":"","neve_post_elements_order":"","neve_meta_disable_header":"","neve_meta_disable_footer":"","neve_meta_disable_title":""},"product_cat":[33,32],"product_tag":[26,31,34,36,24],"class_list":{"0":"post-70","1":"product","2":"type-product","3":"status-publish","4":"has-post-thumbnail","6":"product_cat-bijoux","7":"product_cat-boucles-doreilles","8":"product_tag-bijou-minimaliste","9":"product_tag-bijoux-de-maman","10":"product_tag-boucles-doreilles","11":"product_tag-cadeau","12":"product_tag-cadeau-dadolescent","14":"first","15":"instock","16":"featured","17":"shipping-taxable","18":"purchasable","19":"product-type-simple","20":"add-to-wishlist-after_add_to_cart"},"_links":{"self":[{"href":"https:\/\/shop.attraction.pensees-kamite.com\/index.php\/wp-json\/wp\/v2\/product\/70","targetHints":{"allow":["GET"]}}],"collection":[{"href":"https:\/\/shop.attraction.pensees-kamite.com\/index.php\/wp-json\/wp\/v2\/product"}],"about":[{"href":"https:\/\/shop.attraction.pensees-kamite.com\/index.php\/wp-json\/wp\/v2\/types\/product"}],"replies":[{"embeddable":true,"href":"https:\/\/shop.attraction.pensees-kamite.com\/index.php\/wp-json\/wp\/v2\/comments?post=70"}],"wp:featuredmedia":[{"embeddable":true,"href":"https:\/\/shop.attraction.pensees-kamite.com\/index.php\/wp-json\/wp\/v2\/media\/71"}],"wp:attachment":[{"href":"https:\/\/shop.attraction.pensees-kamite.com\/index.php\/wp-json\/wp\/v2\/media?parent=70"}],"wp:term":[{"taxonomy":"product_cat","embeddable":true,"href":"https:\/\/shop.attraction.pensees-kamite.com\/index.php\/wp-json\/wp\/v2\/product_cat?post=70"},{"taxonomy":"product_tag","embeddable":true,"href":"https:\/\/shop.attraction.pensees-kamite.com\/index.php\/wp-json\/wp\/v2\/product_tag?post=70"}],"curies":[{"name":"wp","href":"https:\/\/api.w.org\/{rel}","templated":true}]}}