{"id":72,"date":"2024-09-09T23:03:29","date_gmt":"2024-09-09T21:03:29","guid":{"rendered":"https:\/\/shop.attraction.pensees-kamite.com\/?post_type=product&#038;p=72"},"modified":"2024-09-17T01:52:06","modified_gmt":"2024-09-16T23:52:06","slug":"collier-et-bracelet-en-coquillages-cauris-et-perles-de-verre","status":"publish","type":"product","link":"https:\/\/shop.attraction.pensees-kamite.com\/index.php\/produit\/collier-et-bracelet-en-coquillages-cauris-et-perles-de-verre\/","title":{"rendered":"Collier et bracelet en coquillages cauris et perles de verre"},"content":{"rendered":"<p>Collier et bracelet faits de cauris naturels (18 &#8211; 22 mm), de perles de verre tch\u00e8ques d&rsquo;origine (Rocailles preciosa de 4,6 mm) et de cordon en polyester cir\u00e9 (1 mm d&rsquo;origine). Ils sont robustes et enti\u00e8rement \u00e9tanches.<\/p>\n<p>La longueur est r\u00e9glable et convient \u00e0 toutes les tailles de cou\/poignet (pour le collier, la longueur minimale est de 33 cm = 13 pouces et maximum 65 cm = 25,5 pouces, pour le bracelet la longueur minimale est de 16 cm = 6,3 pouces).<\/p>\n<p>Si vous avez des questions, n&rsquo;h\u00e9sitez pas \u00e0 me contacter !<\/p>\n","protected":false},"excerpt":{"rendered":"<p class=\"wt-line-height-tight wt-break-word wt-text-body-01\" tabindex=\"0\" data-buy-box-listing-title=\"true\">Collier et bracelet en coquillages cauris et perles de verre, ensemble tour de cou et bracelet en coquillages, bijoux d&rsquo;\u00e9t\u00e9, bijoux boh\u00e8mes imperm\u00e9ables r\u00e9glables<\/p>\n","protected":false},"featured_media":73,"comment_status":"open","ping_status":"closed","template":"","meta":{"neve_meta_sidebar":"","neve_meta_container":"","neve_meta_enable_content_width":"off","neve_meta_content_width":100,"neve_meta_title_alignment":"","neve_meta_author_avatar":"","neve_post_elements_order":"","neve_meta_disable_header":"","neve_meta_disable_footer":"","neve_meta_disable_title":""},"product_cat":[33,19],"product_tag":[26,31,24,35,21],"class_list":{"0":"post-72","1":"product","2":"type-product","3":"status-publish","4":"has-post-thumbnail","6":"product_cat-bijoux","7":"product_cat-collier","8":"product_tag-bijou-minimaliste","9":"product_tag-bijoux-de-maman","10":"product_tag-cadeau-dadolescent","11":"product_tag-cadeau-danniversaire","12":"product_tag-collier-africain","14":"first","15":"instock","16":"featured","17":"shipping-taxable","18":"purchasable","19":"product-type-simple","20":"add-to-wishlist-after_add_to_cart"},"_links":{"self":[{"href":"https:\/\/shop.attraction.pensees-kamite.com\/index.php\/wp-json\/wp\/v2\/product\/72","targetHints":{"allow":["GET"]}}],"collection":[{"href":"https:\/\/shop.attraction.pensees-kamite.com\/index.php\/wp-json\/wp\/v2\/product"}],"about":[{"href":"https:\/\/shop.attraction.pensees-kamite.com\/index.php\/wp-json\/wp\/v2\/types\/product"}],"replies":[{"embeddable":true,"href":"https:\/\/shop.attraction.pensees-kamite.com\/index.php\/wp-json\/wp\/v2\/comments?post=72"}],"wp:featuredmedia":[{"embeddable":true,"href":"https:\/\/shop.attraction.pensees-kamite.com\/index.php\/wp-json\/wp\/v2\/media\/73"}],"wp:attachment":[{"href":"https:\/\/shop.attraction.pensees-kamite.com\/index.php\/wp-json\/wp\/v2\/media?parent=72"}],"wp:term":[{"taxonomy":"product_cat","embeddable":true,"href":"https:\/\/shop.attraction.pensees-kamite.com\/index.php\/wp-json\/wp\/v2\/product_cat?post=72"},{"taxonomy":"product_tag","embeddable":true,"href":"https:\/\/shop.attraction.pensees-kamite.com\/index.php\/wp-json\/wp\/v2\/product_tag?post=72"}],"curies":[{"name":"wp","href":"https:\/\/api.w.org\/{rel}","templated":true}]}}